{"id":31,"date":"2017-03-25T12:07:32","date_gmt":"2017-03-25T11:07:32","guid":{"rendered":"http:\/\/www.kleingaertner-klagenfurt.at\/?page_id=31"},"modified":"2026-01-25T19:18:27","modified_gmt":"2026-01-25T18:18:27","slug":"demo-home","status":"publish","type":"page","link":"https:\/\/www.kleingaertner-klagenfurt.at\/","title":{"rendered":"Verein der Kleing\u00e4rtner in Klagenfurt"},"content":{"rendered":"<div id=\"cs-content\" class=\"cs-content\"><div id=\"ueberuns\" class=\"x-section cs-ta-center\" style=\"margin: 0px;padding: 65px 0px; background-color: #ffffff;\" ><div id=\"\" class=\"x-container max width\" style=\"margin: 0px auto;padding: 0px;\" ><div  class=\"x-column x-sm x-1-1\" style=\"padding: 0px 0px 45px;\" ><h2  class=\"h-custom-headline mbn h2\" ><span>\u00dcber uns<\/span><\/h2><hr  class=\"x-gap\" style=\"margin: 20px 0 0 0;\"><h2  class=\"h-custom-headline cs-ta-left h3\" ><span>Geschichte<\/span><\/h2><hr  class=\"x-gap\" style=\"margin: 20px 0 0 0;\"><div id=\"\" class=\"x-text cs-ta-justify\" style=\"\" ><p class=\"man\">Der Verein der Kleing\u00e4rtner in Klagenfurt wurde am 24.09.1946 unter Obmann Hans Truppe gegr\u00fcndet.<br \/>\nDer Verein ist gemeinn\u00fctzig und unpolitisch. Das Hauptaugenmerk ist das Kleingartenwesen zu f\u00f6rdern, seinen Mitgliedern das erforderliche Gel\u00e4nde zur Verf\u00fcgung zu stellen, wobei in erster Linie Dauerkleing\u00e4rten geschaffen werden sollen.<br \/>\nIn den Anfangszeiten stand sicher das Versorgen mit Nahrung im Vordergrund. Im Laufe der Zeit hat sich Vieles ge\u00e4ndert, dennoch blieben die G\u00e4rten gefragte Objekte f\u00fcr Freizeitbesch\u00e4ftigung und Erholung. Verpflichtend bleibt, einen Gem\u00fcsegarten von 10 m\u00b2 anzulegen. .<br \/>\nDer Verein verf\u00fcgt heute \u00fcber 190 Gartenparzellen in den Anlagen Feuerbach i, II und Auenweg.<\/p>\n<\/div><\/div><\/div><\/div><div id=\"x-section-2\" class=\"x-section bg-image parallax\" style=\"margin: 0px;padding: 300px 0px 200px; background-image: url(http:\/\/www.kleingaertner-klagenfurt.at\/wp-content\/uploads\/2018\/10\/Herbst_Fotolia_17131739_S.jpg); background-color: hsla(0, 100%, 50%, 0);\" data-x-element=\"section\" data-x-params=\"{&quot;type&quot;:&quot;image&quot;,&quot;parallax&quot;:true}\"><div id=\"\" class=\"x-container max width\" style=\"margin: 0px auto;padding: 0px;\" ><div  class=\"x-column x-sm x-1-1\" style=\"padding: 0px;\" ><hr  class=\"x-gap\" style=\"margin: 100px 0 0 0;\"><\/div><\/div><\/div><div id=\"aktuelles\" class=\"x-section cs-ta-center\" style=\"margin: 0px;padding: 65px 0px; background-color: hsla(0, 0%, 97%, 0);\" ><div id=\"\" class=\"x-container max width\" style=\"margin: 0px auto 30px;padding: 0px 5%;\" ><div  class=\"x-column x-sm x-1-1\" style=\"padding: 0px;\" ><h2  class=\"h-custom-headline man h3\" ><span>Aktuelles<\/span><\/h2><hr  class=\"x-gap\" style=\"margin: 20px 0 0 0;\"><ul  class=\"x-block-grid two-up\" ><li  class=\"x-block-grid-item\" ><\/li><\/ul><ul  class=\"x-block-grid two-up\" ><li  class=\"x-block-grid-item\" ><strong>Neu gew\u00e4hlter Vorstand vom 08.11.2025:<\/strong><br>\nObfrau: Ingrid Riesser<br>\nObfrau Stv.: Ewald Schatzer<br>\nSchriftf\u00fchrung: Hannelore Bachler<br>\nKassier: Karl Dexl<\/li><li  class=\"x-block-grid-item\" ><\/li><\/ul><ul  class=\"x-block-grid two-up\" ><\/ul><div  class=\"x-prompt message-left\" style=\"background-color:#ffffff;\"><div class=\"x-prompt-section x-prompt-section-message\"><h2 class=\"h-prompt\">Monatsaushang <\/h2><p class=\"p-prompt\">Der aktuelle Monatsaushang wird als PDF zur Verf\u00fcgung gestellt<\/p><\/div><div class=\"x-prompt-section x-prompt-section-button\"><a href=\"http:\/\/www.kleingaertner-klagenfurt.at\/downloads\/monatsaushang.pdf\" class=\"x-btn x-btn-block\" title=\"Download\" target=\"_blank\" rel=\"noopener noreferrer\"><i class=\"x-icon-download mvn mls mrs\" data-x-icon-s=\"&#xf019;\"><\/i>Download<\/a><\/div><\/div><\/div><\/div><\/div><div class=\"x-section e31-e25 mv-0\"><div class=\"x-container max width e31-e26 mv-1\"><div class=\"x-column x-sm x-1-1 e31-e27 mv-2\">&nbsp;<\/div><\/div><\/div><div id=\"x-section-4\" class=\"x-section cs-ta-center bg-image parallax\" style=\"margin: 0px;padding: 300px 0px 200px; background-image: url(http:\/\/www.kleingaertner-klagenfurt.at\/wp-content\/uploads\/2018\/10\/Herbst.jpg); background-color: #130502;\" data-x-element=\"section\" data-x-params=\"{&quot;type&quot;:&quot;image&quot;,&quot;parallax&quot;:true}\"><div id=\"\" class=\"x-container max width\" style=\"margin: 0px auto;padding: 0px 5%;\" ><div  class=\"x-column x-sm x-1-1\" style=\"padding: 0px;\" ><hr  class=\"x-gap\" style=\"margin: 100px 0 0 0;\"><\/div><\/div><\/div><div id=\"organisation\" class=\"x-section cs-ta-center\" style=\"margin: 0px;padding: 65px 0px; background-color: #ffffff;\" ><div id=\"\" class=\"x-container max width\" style=\"margin: 0px auto;padding: 0px;\" ><div  class=\"x-column x-sm x-1-1\" style=\"padding: 0px;\" ><h2  class=\"h-custom-headline h3\" ><span>Organisation<\/span><\/h2><hr  class=\"x-gap\" style=\"margin: 20px 0 0 0;\"><\/div><\/div><div id=\"\" class=\"x-container cs-ta-center max width\" style=\"margin: 0px auto;padding: 0px;\" ><div  class=\"x-column x-sm x-2-3\" style=\"padding: 0px;\" ><h2  class=\"h-custom-headline cs-ta-left h3\" ><span>Der Vorstand<\/span><\/h2><hr  class=\"x-gap\" style=\"margin: 20px 0 0 0;\"><ul  class=\"x-feature-list\"  data-x-element=\"feature_list\" data-x-params=\"{&quot;animationOffset&quot;:&quot;50&quot;,&quot;animationDelayInitial&quot;:&quot;0&quot;,&quot;animationDelayBetween&quot;:&quot;300&quot;}\"><li  class=\"x-feature-box left-text middle-text cf\" style=\" max-width: none;\" data-x-element=\"feature_box\" data-x-params=\"{&quot;child&quot;:true,&quot;graphicAnimation&quot;:&quot;none&quot;,&quot;connectorAnimation&quot;:&quot;none&quot;,&quot;alignH&quot;:&quot;left&quot;,&quot;alignV&quot;:&quot;middle&quot;}\"><span class=\"x-feature-box-connector upper\" style=\"font-size: 60px; left: 0; right: calc(100% - 60px); border-left: 1px dashed #272727;\"><\/span><span class=\"x-feature-box-connector lower\" style=\"font-size: 60px; left: 0; right: calc(100% - 60px); border-left: 1px dashed #272727;\"><\/span><div class=\"x-feature-box-graphic badge x-feature-box-align-v-middle\"><div class=\"x-feature-box-graphic-outer badge\" style=\" margin-right: 20px;\"><div class=\"x-feature-box-graphic-inner badge\" style=\"font-size: 60px; border-color: hsl(163, 37%, 42%);\"><i class=\"x-icon-angle-down badge\" data-x-icon-s=\"&#xf107;\"  style=\"margin: 0 auto; color: hsl(0, 0%, 100%); background-color: hsl(163, 37%, 42%);\"><\/i><\/div><\/div><\/div><div class=\"x-feature-box-content x-feature-box-align-v-middle\"><h4 class=\"x-feature-box-title\">Obfrau - Ingrid Riesser<\/h4><p class=\"x-feature-box-text\">Stellvertreter: Ewald Schatzer <\/p><\/div><\/li><li  class=\"x-feature-box left-text middle-text cf\" style=\" max-width: none;\" data-x-element=\"feature_box\" data-x-params=\"{&quot;child&quot;:true,&quot;graphicAnimation&quot;:&quot;none&quot;,&quot;connectorAnimation&quot;:&quot;none&quot;,&quot;alignH&quot;:&quot;left&quot;,&quot;alignV&quot;:&quot;middle&quot;}\"><span class=\"x-feature-box-connector upper\" style=\"font-size: 60px; left: 0; right: calc(100% - 60px); border-left: 1px dashed #272727;\"><\/span><span class=\"x-feature-box-connector lower\" style=\"font-size: 60px; left: 0; right: calc(100% - 60px); border-left: 1px dashed #272727;\"><\/span><div class=\"x-feature-box-graphic circle x-feature-box-align-v-middle\"><div class=\"x-feature-box-graphic-outer circle\" style=\" margin-right: 20px;\"><div class=\"x-feature-box-graphic-inner circle\" style=\"font-size: 60px;\"><i class=\"x-icon-eur circle\" data-x-icon-s=\"&#xf153;\"  style=\"margin: 0 auto; color: #ffffff; background-color: hsl(163, 37%, 42%);\"><\/i><\/div><\/div><\/div><div class=\"x-feature-box-content x-feature-box-align-v-middle\"><h4 class=\"x-feature-box-title\" style=\"color: hsl(0, 0%, 0;\">Kassier - Karl Dexl<\/h4><p class=\"x-feature-box-text\">Stellvertreter: Walter Jammer<\/p><\/div><\/li><li  class=\"x-feature-box left-text middle-text cf\" style=\" max-width: none;\" data-x-element=\"feature_box\" data-x-params=\"{&quot;child&quot;:true,&quot;graphicAnimation&quot;:&quot;none&quot;,&quot;connectorAnimation&quot;:&quot;none&quot;,&quot;alignH&quot;:&quot;left&quot;,&quot;alignV&quot;:&quot;middle&quot;}\"><span class=\"x-feature-box-connector upper\" style=\"font-size: 60px; left: 0; right: calc(100% - 60px); border-left: 1px dashed #272727;\"><\/span><span class=\"x-feature-box-connector lower\" style=\"font-size: 60px; left: 0; right: calc(100% - 60px); border-left: 1px dashed #272727;\"><\/span><div class=\"x-feature-box-graphic circle x-feature-box-align-v-middle\"><div class=\"x-feature-box-graphic-outer circle\" style=\" margin-right: 20px;\"><div class=\"x-feature-box-graphic-inner circle\" style=\"font-size: 60px;\"><i class=\"x-icon-address-book circle\" data-x-icon-s=\"&#xf2b9;\"  style=\"margin: 0 auto; color: #ffffff; background-color: hsl(163, 37%, 42%);\"><\/i><\/div><\/div><\/div><div class=\"x-feature-box-content x-feature-box-align-v-middle\"><h4 class=\"x-feature-box-title\">Schriftf\u00fchrung - Hannelore Bachler<\/h4><p class=\"x-feature-box-text\">Stellvertreter: Evelyn Rieger<\/p><\/div><\/li><\/ul><\/div><div  class=\"x-column x-sm cs-ta-left x-1-3\" style=\"padding: 0px;\" ><h2  class=\"h-custom-headline cs-ta-left h3\" ><span>Ehem. Obm\u00e4nner<\/span><\/h2><hr  class=\"x-gap\" style=\"margin: 20px 0 0 0;\"><ul id=\"\" class=\"x-ul-icons\" style=\"\" ><li id=\"\" class=\"x-li-icon\" style=\"\" ><i class=\"x-icon-user\" aria-hidden=\"true\" style=\"\" data-x-icon-s=\"&#xf007;\" ><\/i>Hans Truppe ab 1946<\/li><li id=\"\" class=\"x-li-icon\" style=\"\" ><i class=\"x-icon-user\" aria-hidden=\"true\" style=\"\" data-x-icon-s=\"&#xf007;\" ><\/i>Anton Grosinger ab 1958<\/li><li id=\"\" class=\"x-li-icon\" style=\"\" ><i class=\"x-icon-user\" aria-hidden=\"true\" style=\"\" data-x-icon-s=\"&#xf007;\" ><\/i>G\u00fcnther Wagner ab 1976<\/li><li id=\"\" class=\"x-li-icon\" style=\"\" ><i class=\"x-icon-user\" aria-hidden=\"true\" style=\"\" data-x-icon-s=\"&#xf007;\" ><\/i>Anton Grosinger ab 1979<\/li><li id=\"\" class=\"x-li-icon\" style=\"\" ><i class=\"x-icon-user\" aria-hidden=\"true\" style=\"\" data-x-icon-s=\"&#xf007;\" ><\/i>Helmut Jeremias 1982 \u2013 1998<\/li><li id=\"\" class=\"x-li-icon\" style=\"\" ><i class=\"x-icon-user\" aria-hidden=\"true\" style=\"\" data-x-icon-s=\"&#xf007;\" ><\/i>Josef Riesser 1998 \u2013 2014<\/li><\/ul><\/div><\/div><\/div><div id=\"x-section-6\" class=\"x-section cs-ta-center bg-image parallax\" style=\"margin: 0px;padding: 300px 0px 200px;border-style: solid;border-width: 0px 0px 1px;border-color: #e5e5e5; background-image: url(http:\/\/www.kleingaertner-klagenfurt.at\/wp-content\/uploads\/2018\/10\/Apfelbaum.jpg); background-color: #ffffff;\" data-x-element=\"section\" data-x-params=\"{&quot;type&quot;:&quot;image&quot;,&quot;parallax&quot;:true}\"><div id=\"\" class=\"x-container max width\" style=\"margin: 0px auto;padding: 0px;\" ><div  class=\"x-column x-sm x-1-1\" style=\"padding: 0px;\" ><hr  class=\"x-gap x-hide-xl x-hide-lg x-hide-md\" style=\"margin: 45px 0 0 0;\"><hr  class=\"x-gap\" style=\"margin: 100px 0 0 0;\"><\/div><\/div><\/div><div id=\"service\" class=\"x-section cs-ta-center\" style=\"margin: 0px;padding: 65px 0px; background-color: #ffffff;\" ><div id=\"\" class=\"x-container max width\" style=\"margin: 0px auto 45px;padding: 0px;\" ><div  class=\"x-column x-sm x-1-1\" style=\"padding: 0px;\" ><h2  class=\"h-custom-headline man h3\" ><span>Service<\/span><\/h2><hr  class=\"x-gap\" style=\"margin: 20px 0 0 0;\"><hr  class=\"x-gap x-hide-xl x-hide-lg x-hide-md\" style=\"margin: 20px 0 0 0;\"><ul  class=\"x-block-grid two-up\" ><li  class=\"x-block-grid-item\" ><h5>Verg\u00fcnstigungen<\/h5>\nBei Eink\u00e4ufen  im Bauhaus Klagenfurt erhalten Sie bis zu 7% Rabatt bei Vorlage der Kundenkarte (Kundenkarte beim Vereinsvorstand oder den Anlageverwaltern)<\/br>\n\n<\/li><li  class=\"x-block-grid-item\" ><h5>Kontakt<\/h5>\n<p>Ingrid Riesser<br> Krassniggstra\u00dfe 54\/11<br> 9020 Klagenfurt<br>Tel.: 0664\/2535468<br> info@kleingaertner-klagenfurt.at<\/p><\/li><\/ul><div id=\"x-google-map-1\" class=\"x-map x-google-map\" data-x-element=\"google_map\" data-x-params=\"{&quot;lat&quot;:&quot;46.604971&quot;,&quot;lng&quot;:&quot;14.340737&quot;,&quot;drag&quot;:true,&quot;zoom&quot;:&quot;16&quot;,&quot;zoomControl&quot;:true,&quot;hue&quot;:&quot;&quot;,&quot;mapId&quot;:&quot;DEMO_MAP_ID&quot;}\" ><div class=\"x-map-inner x-google-map-inner\" ><\/div><div class=\"x-google-map-marker\" style=\"position: absolute; visibility: hidden;\" data-x-element=\"google_map_marker\" data-x-params=\"{&quot;lat&quot;:&quot;46.604971&quot;,&quot;lng&quot;:&quot;14.340737&quot;,&quot;markerInfo&quot;:&quot;Verein der Kleing\\u00e4rtner in Klagenfurt&quot;,&quot;startOpen&quot;:true,&quot;image&quot;:&quot;http:\\\/\\\/www.kleingaertner-klagenfurt.at\\\/wp-content\\\/uploads\\\/2017\\\/07\\\/kleingaertner-klagenfurt_icon.png&quot;}\"><\/div><\/div><div  class=\"x-callout left-text\" ><h2 class=\"h-callout\">Bewerbung um einen Kleingarten<\/h2><p class=\"p-callout\">Bewerbeben Sie sich jetzt f\u00fcr einen Kleingarten. F\u00fcllen Sie das Formular direkt auf unserer Homepage aus.<\/p><a href=\"http:\/\/www.kleingaertner-klagenfurt.at\/?page_id=128\" class=\"x-btn\" title=\"Bewerbung ausf\u00fcllen\" ><i class=\"x-icon-edit mvn mln mrs\" data-x-icon-s=\"&#xf044;\"><\/i>Bewerbung ausf\u00fcllen<\/a><\/div><\/div><\/div><\/div><div id=\"x-section-8\" class=\"x-section cs-ta-center bg-image parallax\" style=\"margin: 0px;padding: 300px 0px 200px;border-style: solid;border-width: 0px 0px 1px;border-color: #e5e5e5; background-image: url(http:\/\/www.kleingaertner-klagenfurt.at\/wp-content\/uploads\/2018\/05\/Flieder_Biene.jpg); background-color: #ffffff;\" data-x-element=\"section\" data-x-params=\"{&quot;type&quot;:&quot;image&quot;,&quot;parallax&quot;:true}\"><div id=\"\" class=\"x-container max width\" style=\"margin: 0px auto;padding: 0px;\" ><div  class=\"x-column x-sm x-1-1\" style=\"padding: 0px;\" ><hr  class=\"x-gap x-hide-xl x-hide-lg x-hide-md\" style=\"margin: 45px 0 0 0;\"><hr  class=\"x-gap\" style=\"margin: 100px 0 0 0;\"><\/div><\/div><\/div><div id=\"impressum\" class=\"x-section\" style=\"margin: 0px;padding: 65px 0px 0px; background-color: rgb(248, 248, 248);\" ><div id=\"\" class=\"x-container cs-ta-center max width\" style=\"margin: 0px auto;padding: 0px 5%;\" ><div  class=\"x-column x-sm x-1-1\" style=\"padding: 0px;\" ><h2  class=\"h-custom-headline man h3\" ><span>Impressum<\/span><\/h2><hr  class=\"x-gap\" style=\"margin: 20px 0 0 0;\"><div id=\"\" class=\"x-text\" style=\"\" ><p class=\"man\">Verein der Kleing\u00e4rtner in Klagenfurt<br \/>\nZVR: 274047460<br \/>\nIngrid Riesser <br \/>\nKrassniggstra\u00dfe 54\/11<br \/>\nA-9020 Klagenfurt am W\u00f6rthersee <\/p>\n<\/div><hr  class=\"x-gap\" style=\"margin: 50px 0 0 0;\"><\/div><\/div><\/div><div id=\"x-section-10\" class=\"x-section cs-ta-center\" style=\"margin: 0px;padding: 300px 0px 150px;border-style: solid;border-width: 0px 0px 1px;border-color: #e5e5e5; background-color: rgb(248, 248, 248);\" ><div id=\"\" class=\"x-container max width\" style=\"margin: 0px auto;padding: 0px;\" ><div  class=\"x-column x-sm x-1-1\" style=\"padding: 0px;\" ><hr  class=\"x-gap\" style=\"margin: 30% 0 0 0;\"><\/div><\/div><\/div><\/div>\n","protected":false},"excerpt":{"rendered":"<p>\u00dcber unsGeschichteDer Verein der Kleing\u00e4rtner in Klagenfurt wurde am 24.09.1946 unter Obmann Hans Truppe gegr\u00fcndet. Der Verein ist gemeinn\u00fctzig und unpolitisch. Das Hauptaugenmerk ist das Kleingartenwesen zu f\u00f6rdern, seinen Mitgliedern das erforderliche Gel\u00e4nde zur Verf\u00fcgung zu stellen, wobei in erster Linie Dauerkleing\u00e4rten geschaffen werden sollen. In den Anfangszeiten stand sicher das Versorgen mit Nahrung im Vordergrund. Im Laufe der Zeit &#8230;<\/p>\n","protected":false},"author":1,"featured_media":0,"parent":0,"menu_order":0,"comment_status":"closed","ping_status":"closed","template":"template-blank-4.php","meta":{"_acf_changed":false,"footnotes":""},"class_list":["post-31","page","type-page","status-publish","hentry","no-post-thumbnail"],"acf":[],"_links":{"self":[{"href":"https:\/\/www.kleingaertner-klagenfurt.at\/index.php?rest_route=\/wp\/v2\/pages\/31","targetHints":{"allow":["GET"]}}],"collection":[{"href":"https:\/\/www.kleingaertner-klagenfurt.at\/index.php?rest_route=\/wp\/v2\/pages"}],"about":[{"href":"https:\/\/www.kleingaertner-klagenfurt.at\/index.php?rest_route=\/wp\/v2\/types\/page"}],"author":[{"embeddable":true,"href":"https:\/\/www.kleingaertner-klagenfurt.at\/index.php?rest_route=\/wp\/v2\/users\/1"}],"replies":[{"embeddable":true,"href":"https:\/\/www.kleingaertner-klagenfurt.at\/index.php?rest_route=%2Fwp%2Fv2%2Fcomments&post=31"}],"version-history":[{"count":176,"href":"https:\/\/www.kleingaertner-klagenfurt.at\/index.php?rest_route=\/wp\/v2\/pages\/31\/revisions"}],"predecessor-version":[{"id":326,"href":"https:\/\/www.kleingaertner-klagenfurt.at\/index.php?rest_route=\/wp\/v2\/pages\/31\/revisions\/326"}],"wp:attachment":[{"href":"https:\/\/www.kleingaertner-klagenfurt.at\/index.php?rest_route=%2Fwp%2Fv2%2Fmedia&parent=31"}],"curies":[{"name":"wp","href":"https:\/\/api.w.org\/{rel}","templated":true}]}}